{"id":30,"date":"2025-03-04T13:48:53","date_gmt":"2025-03-04T12:48:53","guid":{"rendered":"https:\/\/greenwoodsiofok.hu\/contact\/"},"modified":"2026-01-29T18:22:48","modified_gmt":"2026-01-29T17:22:48","slug":"kapcsolat","status":"publish","type":"page","link":"https:\/\/greenwoodsiofok.hu\/en\/kapcsolat\/","title":{"rendered":"Kapcsolat"},"content":{"rendered":"<div data-elementor-type=\"wp-post\" data-elementor-id=\"30\" class=\"elementor elementor-30\" data-elementor-post-type=\"page\">\n\t\t\t\t\t\t<section class=\"elementor-section elementor-top-section elementor-element elementor-element-a52d872 elementor-hidden-mobile elementor-section-boxed elementor-section-height-default elementor-section-height-default\" data-id=\"a52d872\" data-element_type=\"section\">\n\t\t\t\t\t\t<div class=\"elementor-container elementor-column-gap-default\">\n\t\t\t\t\t<div class=\"elementor-column elementor-col-100 elementor-top-column elementor-element elementor-element-f63e455\" data-id=\"f63e455\" data-element_type=\"column\">\n\t\t\t<div class=\"elementor-widget-wrap elementor-element-populated\">\n\t\t\t\t\t\t<div class=\"elementor-element elementor-element-b25fb94 elementor-widget elementor-widget-text-editor\" data-id=\"b25fb94\" data-element_type=\"widget\" data-widget_type=\"text-editor.default\">\n\t\t\t\t<div class=\"elementor-widget-container\">\n\t\t\t\t\t\t\t\t\t<p>Contact us<\/p>\t\t\t\t\t\t\t\t<\/div>\n\t\t\t\t<\/div>\n\t\t\t\t<div class=\"elementor-element elementor-element-7cb9f98 elementor-widget-divider--view-line elementor-widget elementor-widget-divider\" data-id=\"7cb9f98\" data-element_type=\"widget\" data-widget_type=\"divider.default\">\n\t\t\t\t<div class=\"elementor-widget-container\">\n\t\t\t\t\t\t\t<div class=\"elementor-divider\">\n\t\t\t<span class=\"elementor-divider-separator\">\n\t\t\t\t\t\t<\/span>\n\t\t<\/div>\n\t\t\t\t\t\t<\/div>\n\t\t\t\t<\/div>\n\t\t\t\t<div class=\"elementor-element elementor-element-37b810d elementor-widget elementor-widget-heading\" data-id=\"37b810d\" data-element_type=\"widget\" data-widget_type=\"heading.default\">\n\t\t\t\t<div class=\"elementor-widget-container\">\n\t\t\t\t\t<h1 class=\"elementor-heading-title elementor-size-default\">KAPCSOLAT<\/h1>\t\t\t\t<\/div>\n\t\t\t\t<\/div>\n\t\t\t\t<div class=\"elementor-element elementor-element-17700c2 elementor-widget elementor-widget-heading\" data-id=\"17700c2\" data-element_type=\"widget\" data-widget_type=\"heading.default\">\n\t\t\t\t<div class=\"elementor-widget-container\">\n\t\t\t\t\t<h4 class=\"elementor-heading-title elementor-size-default\">Greenwood Si\u00f3fok Guesthouse<\/h4>\t\t\t\t<\/div>\n\t\t\t\t<\/div>\n\t\t\t\t<div class=\"elementor-element elementor-element-6f66b82 elementor-widget-divider--view-line elementor-widget elementor-widget-divider\" data-id=\"6f66b82\" data-element_type=\"widget\" data-widget_type=\"divider.default\">\n\t\t\t\t<div class=\"elementor-widget-container\">\n\t\t\t\t\t\t\t<div class=\"elementor-divider\">\n\t\t\t<span class=\"elementor-divider-separator\">\n\t\t\t\t\t\t<\/span>\n\t\t<\/div>\n\t\t\t\t\t\t<\/div>\n\t\t\t\t<\/div>\n\t\t\t\t<div class=\"elementor-element elementor-element-8082bba elementor-hidden-mobile elementor-widget elementor-widget-text-editor\" data-id=\"8082bba\" data-element_type=\"widget\" data-widget_type=\"text-editor.default\">\n\t\t\t\t<div class=\"elementor-widget-container\">\n\t\t\t\t\t\t\t\t\t<p>K\u00e9rd\u00e9se van a sz\u00e1ll\u00e1ssal kapcsolatban, vagy szeretne aj\u00e1nlatot k\u00e9rni? \u00cdrjon nek\u00fcnk b\u00e1tran az al\u00e1bbi \u0171rlapon, \u00e9s <strong data-start=\"300\" data-end=\"332\">r\u00f6vid id\u0151n bel\u00fcl v\u00e1laszolunk<\/strong>.<\/p>\t\t\t\t\t\t\t\t<\/div>\n\t\t\t\t<\/div>\n\t\t\t\t\t<\/div>\n\t\t<\/div>\n\t\t\t\t\t<\/div>\n\t\t<\/section>\n\t\t\t\t<section class=\"elementor-section elementor-top-section elementor-element elementor-element-4a53e52 elementor-section-boxed elementor-section-height-default elementor-section-height-default\" data-id=\"4a53e52\" data-element_type=\"section\">\n\t\t\t\t\t\t<div class=\"elementor-container elementor-column-gap-default\">\n\t\t\t\t\t<div class=\"elementor-column elementor-col-50 elementor-top-column elementor-element elementor-element-49da36fb\" data-id=\"49da36fb\" data-element_type=\"column\">\n\t\t\t<div class=\"elementor-widget-wrap elementor-element-populated\">\n\t\t\t\t\t\t<div class=\"elementor-element elementor-element-699ce92d elementor-widget elementor-widget-heading\" data-id=\"699ce92d\" data-element_type=\"widget\" data-widget_type=\"heading.default\">\n\t\t\t\t<div class=\"elementor-widget-container\">\n\t\t\t\t\t<h4 class=\"elementor-heading-title elementor-size-default\">Contact us<\/h4>\t\t\t\t<\/div>\n\t\t\t\t<\/div>\n\t\t\t\t<div class=\"elementor-element elementor-element-1544c011 elementor-widget elementor-widget-heading\" data-id=\"1544c011\" data-element_type=\"widget\" data-widget_type=\"heading.default\">\n\t\t\t\t<div class=\"elementor-widget-container\">\n\t\t\t\t\t<h2 class=\"elementor-heading-title elementor-size-default translation-block\">Happy to<br>Help<\/h2>\t\t\t\t<\/div>\n\t\t\t\t<\/div>\n\t\t\t\t\t<\/div>\n\t\t<\/div>\n\t\t\t\t<div class=\"elementor-column elementor-col-50 elementor-top-column elementor-element elementor-element-2f7c813c\" data-id=\"2f7c813c\" data-element_type=\"column\">\n\t\t\t<div class=\"elementor-widget-wrap elementor-element-populated\">\n\t\t\t\t\t\t<div class=\"elementor-element elementor-element-dc6cf9b elementor-widget elementor-widget-text-editor\" data-id=\"dc6cf9b\" data-element_type=\"widget\" data-widget_type=\"text-editor.default\">\n\t\t\t\t<div class=\"elementor-widget-container\">\n\t\t\t\t\t\t\t\t\t<p>The Greenwood Siofok Guesthouse is committed to the comfort and satisfaction of its guests, and is happy to answer any questions you may have. Please contact us by phone or e-mail for a personalised offer. Our aim is to ensure that all our visitors have a pleasant and carefree stay in Siofok.<\/p>\t\t\t\t\t\t\t\t<\/div>\n\t\t\t\t<\/div>\n\t\t\t\t\t<\/div>\n\t\t<\/div>\n\t\t\t\t\t<\/div>\n\t\t<\/section>\n\t\t\t\t<section class=\"elementor-section elementor-top-section elementor-element elementor-element-2119cae0 elementor-section-height-min-height elementor-section-boxed elementor-section-height-default elementor-section-items-middle\" data-id=\"2119cae0\" data-element_type=\"section\" data-settings=\"{&quot;background_background&quot;:&quot;classic&quot;}\">\n\t\t\t\t\t\t\t<div class=\"elementor-background-overlay\"><\/div>\n\t\t\t\t\t\t\t<div class=\"elementor-container elementor-column-gap-default\">\n\t\t\t\t\t<div class=\"elementor-column elementor-col-50 elementor-top-column elementor-element elementor-element-2a24d31c\" data-id=\"2a24d31c\" data-element_type=\"column\">\n\t\t\t<div class=\"elementor-widget-wrap elementor-element-populated\">\n\t\t\t\t\t\t<div class=\"elementor-element elementor-element-6a8b626c elementor-hidden-mobile elementor-widget elementor-widget-heading\" data-id=\"6a8b626c\" data-element_type=\"widget\" data-widget_type=\"heading.default\">\n\t\t\t\t<div class=\"elementor-widget-container\">\n\t\t\t\t\t<h2 class=\"elementor-heading-title elementor-size-default\">Contact us<\/h2>\t\t\t\t<\/div>\n\t\t\t\t<\/div>\n\t\t\t\t<div class=\"elementor-element elementor-element-1b40f841 elementor-hidden-mobile elementor-widget elementor-widget-text-editor\" data-id=\"1b40f841\" data-element_type=\"widget\" data-widget_type=\"text-editor.default\">\n\t\t\t\t<div class=\"elementor-widget-container\">\n\t\t\t\t\t\t\t\t\t<p>We care about your opinion. If you have any questions about the accommodation, please do not hesitate to contact us.<\/p>\t\t\t\t\t\t\t\t<\/div>\n\t\t\t\t<\/div>\n\t\t\t\t<div class=\"elementor-element elementor-element-9c4367a elementor-hidden-mobile elementor-widget elementor-widget-google_maps\" data-id=\"9c4367a\" data-element_type=\"widget\" data-widget_type=\"google_maps.default\">\n\t\t\t\t<div class=\"elementor-widget-container\">\n\t\t\t\t\t\t\t<div class=\"elementor-custom-embed\">\n\t\t\t<iframe loading=\"lazy\"\n\t\t\t\t\tsrc=\"https:\/\/maps.google.com\/maps?q=8600%20Si%C3%B3fok%20v%C3%A9csey%20k%C3%A1roly%20utca%2011&#038;t=m&#038;z=10&#038;output=embed&#038;iwloc=near\"\n\t\t\t\t\ttitle=\"8600 Si\u00f3fok v\u00e9csey k\u00e1roly utca 11\"\n\t\t\t\t\taria-label=\"8600 Si\u00f3fok v\u00e9csey k\u00e1roly utca 11\"\n\t\t\t><\/iframe>\n\t\t<\/div>\n\t\t\t\t\t\t<\/div>\n\t\t\t\t<\/div>\n\t\t\t\t<div class=\"elementor-element elementor-element-5368c8e2 elementor-tablet-align-center elementor-hidden-mobile elementor-icon-list--layout-traditional elementor-list-item-link-full_width elementor-widget elementor-widget-icon-list\" data-id=\"5368c8e2\" data-element_type=\"widget\" data-widget_type=\"icon-list.default\">\n\t\t\t\t<div class=\"elementor-widget-container\">\n\t\t\t\t\t\t\t<ul class=\"elementor-icon-list-items\">\n\t\t\t\t\t\t\t<li class=\"elementor-icon-list-item\">\n\t\t\t\t\t\t\t\t\t\t\t<span class=\"elementor-icon-list-icon\">\n\t\t\t\t\t\t\t<svg aria-hidden=\"true\" class=\"e-font-icon-svg e-fas-map-marker-alt\" viewbox=\"0 0 384 512\" xmlns=\"http:\/\/www.w3.org\/2000\/svg\"><path d=\"M172.268 501.67C26.97 291.031 0 269.413 0 192 0 85.961 85.961 0 192 0s192 85.961 192 192c0 77.413-26.97 99.031-172.268 309.67-9.535 13.774-29.93 13.773-39.464 0zM192 272c44.183 0 80-35.817 80-80s-35.817-80-80-80-80 35.817-80 80 35.817 80 80 80z\"><\/path><\/svg>\t\t\t\t\t\t<\/span>\n\t\t\t\t\t\t\t\t\t\t<span class=\"elementor-icon-list-text\">8600, Si\u00f3fok, V\u00e9csey K\u00e1roly utca 11.<\/span>\n\t\t\t\t\t\t\t\t\t<\/li>\n\t\t\t\t\t\t\t\t<li class=\"elementor-icon-list-item\">\n\t\t\t\t\t\t\t\t\t\t\t<span class=\"elementor-icon-list-icon\">\n\t\t\t\t\t\t\t<svg aria-hidden=\"true\" class=\"e-font-icon-svg e-fas-envelope\" viewbox=\"0 0 512 512\" xmlns=\"http:\/\/www.w3.org\/2000\/svg\"><path d=\"M502.3 190.8c3.9-3.1 9.7-.2 9.7 4.7V400c0 26.5-21.5 48-48 48H48c-26.5 0-48-21.5-48-48V195.6c0-5 5.7-7.8 9.7-4.7 22.4 17.4 52.1 39.5 154.1 113.6 21.1 15.4 56.7 47.8 92.2 47.6 35.7.3 72-32.8 92.3-47.6 102-74.1 131.6-96.3 154-113.7zM256 320c23.2.4 56.6-29.2 73.4-41.4 132.7-96.3 142.8-104.7 173.4-128.7 5.8-4.5 9.2-11.5 9.2-18.9v-19c0-26.5-21.5-48-48-48H48C21.5 64 0 85.5 0 112v19c0 7.4 3.4 14.3 9.2 18.9 30.6 23.9 40.7 32.4 173.4 128.7 16.8 12.2 50.2 41.8 73.4 41.4z\"><\/path><\/svg>\t\t\t\t\t\t<\/span>\n\t\t\t\t\t\t\t\t\t\t<span class=\"elementor-icon-list-text\">greenwoodsiofok@gmail.com<\/span>\n\t\t\t\t\t\t\t\t\t<\/li>\n\t\t\t\t\t\t\t\t<li class=\"elementor-icon-list-item\">\n\t\t\t\t\t\t\t\t\t\t\t<span class=\"elementor-icon-list-icon\">\n\t\t\t\t\t\t\t<svg aria-hidden=\"true\" class=\"e-font-icon-svg e-fas-phone\" viewbox=\"0 0 512 512\" xmlns=\"http:\/\/www.w3.org\/2000\/svg\"><path d=\"M493.4 24.6l-104-24c-11.3-2.6-22.9 3.3-27.5 13.9l-48 112c-4.2 9.8-1.4 21.3 6.9 28l60.6 49.6c-36 76.7-98.9 140.5-177.2 177.2l-49.6-60.6c-6.8-8.3-18.2-11.1-28-6.9l-112 48C3.9 366.5-2 378.1.6 389.4l24 104C27.1 504.2 36.7 512 48 512c256.1 0 464-207.5 464-464 0-11.2-7.7-20.9-18.6-23.4z\"><\/path><\/svg>\t\t\t\t\t\t<\/span>\n\t\t\t\t\t\t\t\t\t\t<span class=\"elementor-icon-list-text\">+36 30 477 0010<\/span>\n\t\t\t\t\t\t\t\t\t<\/li>\n\t\t\t\t\t\t<\/ul>\n\t\t\t\t\t\t<\/div>\n\t\t\t\t<\/div>\n\t\t\t\t\t<\/div>\n\t\t<\/div>\n\t\t\t\t<div class=\"elementor-column elementor-col-50 elementor-top-column elementor-element elementor-element-4be1e45d\" data-id=\"4be1e45d\" data-element_type=\"column\" data-settings=\"{&quot;background_background&quot;:&quot;classic&quot;}\">\n\t\t\t<div class=\"elementor-widget-wrap elementor-element-populated\">\n\t\t\t\t\t\t<div class=\"elementor-element elementor-element-b649b72 elementor-widget elementor-widget-heading\" data-id=\"b649b72\" data-element_type=\"widget\" data-widget_type=\"heading.default\">\n\t\t\t\t<div class=\"elementor-widget-container\">\n\t\t\t\t\t<h2 class=\"elementor-heading-title elementor-size-default\">K\u00fcldj\u00f6n nek\u00fcnk <br>\u00fczenetet.<\/h2>\t\t\t\t<\/div>\n\t\t\t\t<\/div>\n\t\t\t\t<div class=\"elementor-element elementor-element-4591c35 elementor-widget-divider--view-line elementor-widget elementor-widget-divider\" data-id=\"4591c35\" data-element_type=\"widget\" data-widget_type=\"divider.default\">\n\t\t\t\t<div class=\"elementor-widget-container\">\n\t\t\t\t\t\t\t<div class=\"elementor-divider\">\n\t\t\t<span class=\"elementor-divider-separator\">\n\t\t\t\t\t\t<\/span>\n\t\t<\/div>\n\t\t\t\t\t\t<\/div>\n\t\t\t\t<\/div>\n\t\t\t\t<div class=\"elementor-element elementor-element-3f985f94 elementor-button-align-center elementor-widget elementor-widget-form\" data-id=\"3f985f94\" data-element_type=\"widget\" data-settings=\"{&quot;step_next_label&quot;:&quot;Next&quot;,&quot;step_previous_label&quot;:&quot;Previous&quot;,&quot;button_width&quot;:&quot;100&quot;,&quot;step_type&quot;:&quot;number_text&quot;,&quot;step_icon_shape&quot;:&quot;circle&quot;}\" data-widget_type=\"form.default\">\n\t\t\t\t<div class=\"elementor-widget-container\">\n\t\t\t\t\t\t\t<form class=\"elementor-form\" method=\"post\" name=\"Kapcsolat\" action=\"\">\n\t\t\t<input type=\"hidden\" name=\"post_id\" value=\"30\"\/>\n\t\t\t<input type=\"hidden\" name=\"form_id\" value=\"3f985f94\"\/>\n\t\t\t<input type=\"hidden\" name=\"referer_title\" value=\"Kapcsolat - Greenwood Si\u00f3fok\" \/>\n\n\t\t\t\t\t\t\t<input type=\"hidden\" name=\"queried_id\" value=\"30\"\/>\n\t\t\t\n\t\t\t<div class=\"elementor-form-fields-wrapper elementor-labels-above\">\n\t\t\t\t\t\t\t\t<div class=\"elementor-field-type-text elementor-field-group elementor-column elementor-field-group-name elementor-col-50 elementor-field-required elementor-mark-required\">\n\t\t\t\t\t\t\t\t\t\t\t\t<label for=\"form-field-name\" class=\"elementor-field-label\">\n\t\t\t\t\t\t\t\tFull name \/ Company\t\t\t\t\t\t\t<\/label>\n\t\t\t\t\t\t\t\t\t\t\t\t\t\t<input size=\"1\" type=\"text\" name=\"form_fields[name]\" id=\"form-field-name\" class=\"elementor-field elementor-size-xs  elementor-field-textual\" required=\"required\">\n\t\t\t\t\t\t\t\t\t\t\t<\/div>\n\t\t\t\t\t\t\t\t<div class=\"elementor-field-type-email elementor-field-group elementor-column elementor-field-group-email elementor-col-50 elementor-field-required elementor-mark-required\">\n\t\t\t\t\t\t\t\t\t\t\t\t<label for=\"form-field-email\" class=\"elementor-field-label\">\n\t\t\t\t\t\t\t\tEmail address\t\t\t\t\t\t\t<\/label>\n\t\t\t\t\t\t\t\t\t\t\t\t\t\t<input size=\"1\" type=\"email\" name=\"form_fields[email]\" id=\"form-field-email\" class=\"elementor-field elementor-size-xs  elementor-field-textual\" required=\"required\">\n\t\t\t\t\t\t\t\t\t\t\t<\/div>\n\t\t\t\t\t\t\t\t<div class=\"elementor-field-type-tel elementor-field-group elementor-column elementor-field-group-field_1 elementor-col-50 elementor-field-required elementor-mark-required\">\n\t\t\t\t\t\t\t\t\t\t\t\t<label for=\"form-field-field_1\" class=\"elementor-field-label\">\n\t\t\t\t\t\t\t\tPhone number\t\t\t\t\t\t\t<\/label>\n\t\t\t\t\t\t\t\t<input size=\"1\" type=\"tel\" name=\"form_fields[field_1]\" id=\"form-field-field_1\" class=\"elementor-field elementor-size-xs  elementor-field-textual\" required=\"required\" pattern=\"[0-9()#&amp;+*-=.]+\" title=\"Only numbers and phone characters (#, -, *, etc) are accepted.\" data-no-translation-title=\"\">\n\n\t\t\t\t\t\t<\/div>\n\t\t\t\t\t\t\t\t<div class=\"elementor-field-type-text elementor-field-group elementor-column elementor-field-group-field_2 elementor-col-50 elementor-field-required elementor-mark-required\">\n\t\t\t\t\t\t\t\t\t\t\t\t<label for=\"form-field-field_2\" class=\"elementor-field-label\">\n\t\t\t\t\t\t\t\tSubject\t\t\t\t\t\t\t<\/label>\n\t\t\t\t\t\t\t\t\t\t\t\t\t\t<input size=\"1\" type=\"text\" name=\"form_fields[field_2]\" id=\"form-field-field_2\" class=\"elementor-field elementor-size-xs  elementor-field-textual\" required=\"required\">\n\t\t\t\t\t\t\t\t\t\t\t<\/div>\n\t\t\t\t\t\t\t\t<div class=\"elementor-field-type-textarea elementor-field-group elementor-column elementor-field-group-message elementor-col-100 elementor-field-required elementor-mark-required\">\n\t\t\t\t\t\t\t\t\t\t\t\t<label for=\"form-field-message\" class=\"elementor-field-label\">\n\t\t\t\t\t\t\t\tMessage\t\t\t\t\t\t\t<\/label>\n\t\t\t\t\t\t<textarea class=\"elementor-field-textual elementor-field  elementor-size-xs\" name=\"form_fields[message]\" id=\"form-field-message\" rows=\"6\" required=\"required\"><\/textarea>\t\t\t\t<\/div>\n\t\t\t\t\t\t\t\t<div class=\"elementor-field-group elementor-column elementor-field-type-submit elementor-col-100 e-form__buttons\">\n\t\t\t\t\t<button class=\"elementor-button elementor-size-md\" type=\"submit\">\n\t\t\t\t\t\t<span class=\"elementor-button-content-wrapper\">\n\t\t\t\t\t\t\t\t\t\t\t\t\t\t\t<span class=\"elementor-button-icon\">\n\t\t\t\t\t\t\t\t\t\t\t\t\t\t\t\t\t\t\t\t\t\t\t\t\t\t<\/span>\n\t\t\t\t\t\t\t\t\t\t\t\t\t\t\t\t\t\t\t\t\t\t<span class=\"elementor-button-text\">Send<\/span>\n\t\t\t\t\t\t\t\t\t\t\t\t\t<\/span>\n\t\t\t\t\t<\/button>\n\t\t\t\t<\/div>\n\t\t\t<\/div>\n\t\t<input type=\"hidden\" name=\"trp-form-language\" value=\"en\"\/><\/form>\n\t\t\t\t\t\t<\/div>\n\t\t\t\t<\/div>\n\t\t\t\t\t<\/div>\n\t\t<\/div>\n\t\t\t\t\t<\/div>\n\t\t<\/section>\n\t\t\t\t<\/div>","protected":false},"excerpt":{"rendered":"<p>Vegye fel vel\u00fcnk a kapcsolatot KAPCSOLAT Greenwood Si\u00f3fok vend\u00e9gh\u00e1z K\u00e9rd\u00e9se van a sz\u00e1ll\u00e1ssal kapcsolatban, vagy szeretne aj\u00e1nlatot k\u00e9rni? \u00cdrjon nek\u00fcnk b\u00e1tran az al\u00e1bbi \u0171rlapon, \u00e9s r\u00f6vid id\u0151n bel\u00fcl v\u00e1laszolunk. Vegye fel vel\u00fcnk a kapcsolatot \u00d6r\u00f6mmelseg\u00edt\u00fcnk A Greenwood Si\u00f3fok Vend\u00e9gh\u00e1z kiemelt figyelmet ford\u00edt vend\u00e9gei k\u00e9nyelm\u00e9re \u00e9s el\u00e9gedetts\u00e9g\u00e9re, ez\u00e9rt b\u00e1rmilyen k\u00e9rd\u00e9s vagy foglal\u00e1ssal kapcsolatos ig\u00e9ny eset\u00e9n sz\u00edvesen [&hellip;]<\/p>","protected":false},"author":1,"featured_media":0,"parent":0,"menu_order":0,"comment_status":"closed","ping_status":"closed","template":"elementor_header_footer","meta":{"footnotes":""},"yoast_head":"<!-- This site is optimized with the Yoast SEO Premium plugin v24.7 (Yoast SEO v24.7) - https:\/\/yoast.com\/wordpress\/plugins\/seo\/ -->\n<title>Kapcsolat - Greenwood Si\u00f3fok<\/title>\n<meta name=\"description\" content=\"Kapcsolat - Vedd fel vel\u00fcnk a kapcsolatot sz\u00e1ll\u00e1sfoglal\u00e1shoz vagy k\u00e9rd\u00e9s eset\u00e9n. El\u00e9rhet\u0151s\u00e9g, c\u00edm, \u00fczenetk\u00fcld\u00e9s egy helyen.\" \/>\n<meta name=\"robots\" content=\"index, follow, max-snippet:-1, max-image-preview:large, max-video-preview:-1\" \/>\n<link rel=\"canonical\" href=\"https:\/\/greenwoodsiofok.hu\/en\/kapcsolat\/\" \/>\n<meta property=\"og:locale\" content=\"en_GB\" \/>\n<meta property=\"og:type\" content=\"article\" \/>\n<meta property=\"og:title\" content=\"Kapcsolat\" \/>\n<meta property=\"og:description\" content=\"Kapcsolat - Vedd fel vel\u00fcnk a kapcsolatot sz\u00e1ll\u00e1sfoglal\u00e1shoz vagy k\u00e9rd\u00e9s eset\u00e9n. El\u00e9rhet\u0151s\u00e9g, c\u00edm, \u00fczenetk\u00fcld\u00e9s egy helyen.\" \/>\n<meta property=\"og:url\" content=\"https:\/\/greenwoodsiofok.hu\/en\/kapcsolat\/\" \/>\n<meta property=\"og:site_name\" content=\"Greenwood Si\u00f3fok\" \/>\n<meta property=\"article:publisher\" content=\"https:\/\/www.facebook.com\/greenwoodsiofok\" \/>\n<meta property=\"article:modified_time\" content=\"2026-01-29T17:22:48+00:00\" \/>\n<meta property=\"og:image\" content=\"https:\/\/greenwoodsiofok.hu\/wp-content\/uploads\/2025\/03\/GreenWoodSiofokFrontMain.jpg\" \/>\n\t<meta property=\"og:image:width\" content=\"1400\" \/>\n\t<meta property=\"og:image:height\" content=\"1050\" \/>\n\t<meta property=\"og:image:type\" content=\"image\/jpeg\" \/>\n<meta name=\"twitter:card\" content=\"summary_large_image\" \/>\n<meta name=\"twitter:label1\" content=\"Estimated reading time\" \/>\n\t<meta name=\"twitter:data1\" content=\"1 minute\" \/>\n<script type=\"application\/ld+json\" class=\"yoast-schema-graph\">{\"@context\":\"https:\/\/schema.org\",\"@graph\":[{\"@type\":\"WebPage\",\"@id\":\"https:\/\/greenwoodsiofok.hu\/kapcsolat\/\",\"url\":\"https:\/\/greenwoodsiofok.hu\/kapcsolat\/\",\"name\":\"Kapcsolat - Greenwood Si\u00f3fok\",\"isPartOf\":{\"@id\":\"https:\/\/greenwoodsiofok.hu\/en\/#website\"},\"datePublished\":\"2025-03-04T12:48:53+00:00\",\"dateModified\":\"2026-01-29T17:22:48+00:00\",\"description\":\"Kapcsolat - Vedd fel vel\u00fcnk a kapcsolatot sz\u00e1ll\u00e1sfoglal\u00e1shoz vagy k\u00e9rd\u00e9s eset\u00e9n. El\u00e9rhet\u0151s\u00e9g, c\u00edm, \u00fczenetk\u00fcld\u00e9s egy helyen.\",\"breadcrumb\":{\"@id\":\"https:\/\/greenwoodsiofok.hu\/kapcsolat\/#breadcrumb\"},\"inLanguage\":\"en-GB\",\"potentialAction\":[{\"@type\":\"ReadAction\",\"target\":[\"https:\/\/greenwoodsiofok.hu\/kapcsolat\/\"]}]},{\"@type\":\"BreadcrumbList\",\"@id\":\"https:\/\/greenwoodsiofok.hu\/kapcsolat\/#breadcrumb\",\"itemListElement\":[{\"@type\":\"ListItem\",\"position\":1,\"name\":\"Kezd\u0151lap\",\"item\":\"https:\/\/greenwoodsiofok.hu\/\"},{\"@type\":\"ListItem\",\"position\":2,\"name\":\"Kapcsolat\"}]},{\"@type\":\"WebSite\",\"@id\":\"https:\/\/greenwoodsiofok.hu\/en\/#website\",\"url\":\"https:\/\/greenwoodsiofok.hu\/en\/\",\"name\":\"Greenwood Si\u00f3fok\",\"description\":\"Csendes, kis\u00e1llatbar\u00e1t vend\u00e9gh\u00e1z Si\u00f3fokon p\u00e1roknak \u00e9s csal\u00e1doknak, 250 m\u00e9terre a Balatont\u00f3l.\",\"publisher\":{\"@id\":\"https:\/\/greenwoodsiofok.hu\/en\/#organization\"},\"potentialAction\":[{\"@type\":\"SearchAction\",\"target\":{\"@type\":\"EntryPoint\",\"urlTemplate\":\"https:\/\/greenwoodsiofok.hu\/en\/?s={search_term_string}\"},\"query-input\":{\"@type\":\"PropertyValueSpecification\",\"valueRequired\":true,\"valueName\":\"search_term_string\"}}],\"inLanguage\":\"en-GB\"},{\"@type\":\"Organization\",\"@id\":\"https:\/\/greenwoodsiofok.hu\/en\/#organization\",\"name\":\"Greenwood Si\u00f3fok vend\u00e9gh\u00e1z\",\"url\":\"https:\/\/greenwoodsiofok.hu\/en\/\",\"logo\":{\"@type\":\"ImageObject\",\"inLanguage\":\"en-GB\",\"@id\":\"https:\/\/greenwoodsiofok.hu\/en\/#\/schema\/logo\/image\/\",\"url\":\"https:\/\/greenwoodsiofok.hu\/wp-content\/uploads\/2025\/03\/GreenWoodSiofokLogoMain-1.png\",\"contentUrl\":\"https:\/\/greenwoodsiofok.hu\/wp-content\/uploads\/2025\/03\/GreenWoodSiofokLogoMain-1.png\",\"width\":250,\"height\":125,\"caption\":\"Greenwood Si\u00f3fok vend\u00e9gh\u00e1z\"},\"image\":{\"@id\":\"https:\/\/greenwoodsiofok.hu\/en\/#\/schema\/logo\/image\/\"},\"sameAs\":[\"https:\/\/www.facebook.com\/greenwoodsiofok\"]}]}<\/script>\n<!-- \/ Yoast SEO Premium plugin. -->","yoast_head_json":{"title":"Kapcsolat - Greenwood Si\u00f3fok","description":"Kapcsolat - Vedd fel vel\u00fcnk a kapcsolatot sz\u00e1ll\u00e1sfoglal\u00e1shoz vagy k\u00e9rd\u00e9s eset\u00e9n. El\u00e9rhet\u0151s\u00e9g, c\u00edm, \u00fczenetk\u00fcld\u00e9s egy helyen.","robots":{"index":"index","follow":"follow","max-snippet":"max-snippet:-1","max-image-preview":"max-image-preview:large","max-video-preview":"max-video-preview:-1"},"canonical":"https:\/\/greenwoodsiofok.hu\/en\/kapcsolat\/","og_locale":"en_GB","og_type":"article","og_title":"Kapcsolat","og_description":"Kapcsolat - Vedd fel vel\u00fcnk a kapcsolatot sz\u00e1ll\u00e1sfoglal\u00e1shoz vagy k\u00e9rd\u00e9s eset\u00e9n. El\u00e9rhet\u0151s\u00e9g, c\u00edm, \u00fczenetk\u00fcld\u00e9s egy helyen.","og_url":"https:\/\/greenwoodsiofok.hu\/en\/kapcsolat\/","og_site_name":"Greenwood Si\u00f3fok","article_publisher":"https:\/\/www.facebook.com\/greenwoodsiofok","article_modified_time":"2026-01-29T17:22:48+00:00","og_image":[{"width":1400,"height":1050,"url":"https:\/\/greenwoodsiofok.hu\/wp-content\/uploads\/2025\/03\/GreenWoodSiofokFrontMain.jpg","type":"image\/jpeg"}],"twitter_card":"summary_large_image","twitter_misc":{"Estimated reading time":"1 minute"},"schema":{"@context":"https:\/\/schema.org","@graph":[{"@type":"WebPage","@id":"https:\/\/greenwoodsiofok.hu\/kapcsolat\/","url":"https:\/\/greenwoodsiofok.hu\/kapcsolat\/","name":"Kapcsolat - Greenwood Si\u00f3fok","isPartOf":{"@id":"https:\/\/greenwoodsiofok.hu\/en\/#website"},"datePublished":"2025-03-04T12:48:53+00:00","dateModified":"2026-01-29T17:22:48+00:00","description":"Kapcsolat - Vedd fel vel\u00fcnk a kapcsolatot sz\u00e1ll\u00e1sfoglal\u00e1shoz vagy k\u00e9rd\u00e9s eset\u00e9n. El\u00e9rhet\u0151s\u00e9g, c\u00edm, \u00fczenetk\u00fcld\u00e9s egy helyen.","breadcrumb":{"@id":"https:\/\/greenwoodsiofok.hu\/kapcsolat\/#breadcrumb"},"inLanguage":"en-GB","potentialAction":[{"@type":"ReadAction","target":["https:\/\/greenwoodsiofok.hu\/kapcsolat\/"]}]},{"@type":"BreadcrumbList","@id":"https:\/\/greenwoodsiofok.hu\/kapcsolat\/#breadcrumb","itemListElement":[{"@type":"ListItem","position":1,"name":"Kezd\u0151lap","item":"https:\/\/greenwoodsiofok.hu\/"},{"@type":"ListItem","position":2,"name":"Kapcsolat"}]},{"@type":"WebSite","@id":"https:\/\/greenwoodsiofok.hu\/en\/#website","url":"https:\/\/greenwoodsiofok.hu\/en\/","name":"Greenwood Si\u00f3fok","description":"Csendes, kis\u00e1llatbar\u00e1t vend\u00e9gh\u00e1z Si\u00f3fokon p\u00e1roknak \u00e9s csal\u00e1doknak, 250 m\u00e9terre a Balatont\u00f3l.","publisher":{"@id":"https:\/\/greenwoodsiofok.hu\/en\/#organization"},"potentialAction":[{"@type":"SearchAction","target":{"@type":"EntryPoint","urlTemplate":"https:\/\/greenwoodsiofok.hu\/en\/?s={search_term_string}"},"query-input":{"@type":"PropertyValueSpecification","valueRequired":true,"valueName":"search_term_string"}}],"inLanguage":"en-GB"},{"@type":"Organization","@id":"https:\/\/greenwoodsiofok.hu\/en\/#organization","name":"Greenwood Si\u00f3fok vend\u00e9gh\u00e1z","url":"https:\/\/greenwoodsiofok.hu\/en\/","logo":{"@type":"ImageObject","inLanguage":"en-GB","@id":"https:\/\/greenwoodsiofok.hu\/en\/#\/schema\/logo\/image\/","url":"https:\/\/greenwoodsiofok.hu\/wp-content\/uploads\/2025\/03\/GreenWoodSiofokLogoMain-1.png","contentUrl":"https:\/\/greenwoodsiofok.hu\/wp-content\/uploads\/2025\/03\/GreenWoodSiofokLogoMain-1.png","width":250,"height":125,"caption":"Greenwood Si\u00f3fok vend\u00e9gh\u00e1z"},"image":{"@id":"https:\/\/greenwoodsiofok.hu\/en\/#\/schema\/logo\/image\/"},"sameAs":["https:\/\/www.facebook.com\/greenwoodsiofok"]}]}},"_links":{"self":[{"href":"https:\/\/greenwoodsiofok.hu\/en\/wp-json\/wp\/v2\/pages\/30"}],"collection":[{"href":"https:\/\/greenwoodsiofok.hu\/en\/wp-json\/wp\/v2\/pages"}],"about":[{"href":"https:\/\/greenwoodsiofok.hu\/en\/wp-json\/wp\/v2\/types\/page"}],"author":[{"embeddable":true,"href":"https:\/\/greenwoodsiofok.hu\/en\/wp-json\/wp\/v2\/users\/1"}],"replies":[{"embeddable":true,"href":"https:\/\/greenwoodsiofok.hu\/en\/wp-json\/wp\/v2\/comments?post=30"}],"version-history":[{"count":53,"href":"https:\/\/greenwoodsiofok.hu\/en\/wp-json\/wp\/v2\/pages\/30\/revisions"}],"predecessor-version":[{"id":982,"href":"https:\/\/greenwoodsiofok.hu\/en\/wp-json\/wp\/v2\/pages\/30\/revisions\/982"}],"wp:attachment":[{"href":"https:\/\/greenwoodsiofok.hu\/en\/wp-json\/wp\/v2\/media?parent=30"}],"curies":[{"name":"wp","href":"https:\/\/api.w.org\/{rel}","templated":true}]}}