{"id":36,"date":"2025-03-04T13:48:54","date_gmt":"2025-03-04T12:48:54","guid":{"rendered":"https:\/\/greenwoodsiofok.hu\/team\/"},"modified":"2025-03-23T00:16:44","modified_gmt":"2025-03-22T23:16:44","slug":"foglalas","status":"publish","type":"page","link":"https:\/\/greenwoodsiofok.hu\/de\/foglalas\/","title":{"rendered":"Buchung"},"content":{"rendered":"<div data-elementor-type=\"wp-post\" data-elementor-id=\"36\" class=\"elementor elementor-36\" data-elementor-post-type=\"page\">\n\t\t\t\t\t\t<section class=\"elementor-section elementor-top-section elementor-element elementor-element-bc250b5 elementor-section-boxed elementor-section-height-default elementor-section-height-default\" data-id=\"bc250b5\" data-element_type=\"section\">\n\t\t\t\t\t\t<div class=\"elementor-container elementor-column-gap-default\">\n\t\t\t\t\t<div class=\"elementor-column elementor-col-100 elementor-top-column elementor-element elementor-element-175c27f\" data-id=\"175c27f\" data-element_type=\"column\">\n\t\t\t<div class=\"elementor-widget-wrap elementor-element-populated\">\n\t\t\t\t\t\t<div class=\"elementor-element elementor-element-3424c7b elementor-widget elementor-widget-heading\" data-id=\"3424c7b\" data-element_type=\"widget\" data-widget_type=\"heading.default\">\n\t\t\t\t<div class=\"elementor-widget-container\">\n\t\t\t\t\t<h4 class=\"elementor-heading-title elementor-size-default\">Buchen Sie Ihre Unterkunft<\/h4>\t\t\t\t<\/div>\n\t\t\t\t<\/div>\n\t\t\t\t<div class=\"elementor-element elementor-element-78b5a6d elementor-widget elementor-widget-heading\" data-id=\"78b5a6d\" data-element_type=\"widget\" data-widget_type=\"heading.default\">\n\t\t\t\t<div class=\"elementor-widget-container\">\n\t\t\t\t\t<h2 class=\"elementor-heading-title elementor-size-default\">Buchung<\/h2>\t\t\t\t<\/div>\n\t\t\t\t<\/div>\n\t\t\t\t<div class=\"elementor-element elementor-element-0b16b01 elementor-widget elementor-widget-html\" data-id=\"0b16b01\" data-element_type=\"widget\" data-widget_type=\"html.default\">\n\t\t\t\t<div class=\"elementor-widget-container\">\n\t\t\t\t\t<style>.elementor-element-0b16b01{display:none !important}<\/style>\t\t\t\t<\/div>\n\t\t\t\t<\/div>\n\t\t\t\t<div class=\"elementor-element elementor-element-acb03e0 elementor-widget elementor-widget-html\" data-id=\"acb03e0\" data-element_type=\"widget\" data-widget_type=\"html.default\">\n\t\t\t\t<div class=\"elementor-widget-container\">\n\t\t\t\t\t<style>.elementor-element-acb03e0{display:none !important}<\/style>\t\t\t\t<\/div>\n\t\t\t\t<\/div>\n\t\t\t\t<div class=\"elementor-element elementor-element-0dd5955 elementor-widget elementor-widget-html\" data-id=\"0dd5955\" data-element_type=\"widget\" data-widget_type=\"html.default\">\n\t\t\t\t<div class=\"elementor-widget-container\">\n\t\t\t\t\t<script src=\"https:\/\/nethotelbooking.net\/embed.RESnWEB.js?id=VUABG\"><\/script>\r\n\t\t\t\t<\/div>\n\t\t\t\t<\/div>\n\t\t\t\t\t<\/div>\n\t\t<\/div>\n\t\t\t\t\t<\/div>\n\t\t<\/section>\n\t\t\t\t<\/div>","protected":false},"excerpt":{"rendered":"<p>Foglalja le sz\u00e1ll\u00e1s\u00e1t m\u00e9g ma Foglal\u00e1s<\/p>","protected":false},"author":1,"featured_media":0,"parent":0,"menu_order":0,"comment_status":"closed","ping_status":"closed","template":"elementor_header_footer","meta":{"footnotes":""},"yoast_head":"<!-- This site is optimized with the Yoast SEO Premium plugin v24.7 (Yoast SEO v24.7) - https:\/\/yoast.com\/wordpress\/plugins\/seo\/ -->\n<title>Foglal\u00e1s - Greenwood Si\u00f3fok<\/title>\n<meta name=\"description\" content=\"Foglalj sz\u00e1ll\u00e1st Si\u00f3fokon k\u00e9nyelmesen, p\u00e1r kattint\u00e1ssal! Csendes, kis\u00e1llatbar\u00e1t vend\u00e9gh\u00e1z p\u00e1roknak \u00e9s csal\u00e1doknak, ingyenes parkol\u00e1ssal, a Balaton k\u00f6zel\u00e9ben.\" \/>\n<meta name=\"robots\" content=\"index, follow, max-snippet:-1, max-image-preview:large, max-video-preview:-1\" \/>\n<link rel=\"canonical\" href=\"https:\/\/greenwoodsiofok.hu\/de\/foglalas\/\" \/>\n<meta property=\"og:locale\" content=\"de_DE\" \/>\n<meta property=\"og:type\" content=\"article\" \/>\n<meta property=\"og:title\" content=\"Foglal\u00e1s\" \/>\n<meta property=\"og:description\" content=\"Foglalj sz\u00e1ll\u00e1st Si\u00f3fokon k\u00e9nyelmesen, p\u00e1r kattint\u00e1ssal! Csendes, kis\u00e1llatbar\u00e1t vend\u00e9gh\u00e1z p\u00e1roknak \u00e9s csal\u00e1doknak, ingyenes parkol\u00e1ssal, a Balaton k\u00f6zel\u00e9ben.\" \/>\n<meta property=\"og:url\" content=\"https:\/\/greenwoodsiofok.hu\/de\/foglalas\/\" \/>\n<meta property=\"og:site_name\" content=\"Greenwood Si\u00f3fok\" \/>\n<meta property=\"article:publisher\" content=\"https:\/\/www.facebook.com\/greenwoodsiofok\" \/>\n<meta property=\"article:modified_time\" content=\"2025-03-22T23:16:44+00:00\" \/>\n<meta property=\"og:image\" content=\"https:\/\/greenwoodsiofok.hu\/wp-content\/uploads\/2025\/03\/GreenWoodSiofokFront.jpeg\" \/>\n\t<meta property=\"og:image:width\" content=\"1400\" \/>\n\t<meta property=\"og:image:height\" content=\"1050\" \/>\n\t<meta property=\"og:image:type\" content=\"image\/jpeg\" \/>\n<meta name=\"twitter:card\" content=\"summary_large_image\" \/>\n<meta name=\"twitter:label1\" content=\"Gesch\u00e4tzte Lesezeit\" \/>\n\t<meta name=\"twitter:data1\" content=\"1\u00a0Minute\" \/>\n<script type=\"application\/ld+json\" class=\"yoast-schema-graph\">{\"@context\":\"https:\/\/schema.org\",\"@graph\":[{\"@type\":\"WebPage\",\"@id\":\"https:\/\/greenwoodsiofok.hu\/en\/foglalas\/\",\"url\":\"https:\/\/greenwoodsiofok.hu\/en\/foglalas\/\",\"name\":\"Foglal\u00e1s - Greenwood Si\u00f3fok\",\"isPartOf\":{\"@id\":\"https:\/\/greenwoodsiofok.hu\/en\/#website\"},\"datePublished\":\"2025-03-04T12:48:54+00:00\",\"dateModified\":\"2025-03-22T23:16:44+00:00\",\"description\":\"Foglalj sz\u00e1ll\u00e1st Si\u00f3fokon k\u00e9nyelmesen, p\u00e1r kattint\u00e1ssal! Csendes, kis\u00e1llatbar\u00e1t vend\u00e9gh\u00e1z p\u00e1roknak \u00e9s csal\u00e1doknak, ingyenes parkol\u00e1ssal, a Balaton k\u00f6zel\u00e9ben.\",\"breadcrumb\":{\"@id\":\"https:\/\/greenwoodsiofok.hu\/en\/foglalas\/#breadcrumb\"},\"inLanguage\":\"de\",\"potentialAction\":[{\"@type\":\"ReadAction\",\"target\":[\"https:\/\/greenwoodsiofok.hu\/en\/foglalas\/\"]}]},{\"@type\":\"BreadcrumbList\",\"@id\":\"https:\/\/greenwoodsiofok.hu\/en\/foglalas\/#breadcrumb\",\"itemListElement\":[{\"@type\":\"ListItem\",\"position\":1,\"name\":\"Kezd\u0151lap\",\"item\":\"https:\/\/greenwoodsiofok.hu\/\"},{\"@type\":\"ListItem\",\"position\":2,\"name\":\"Foglal\u00e1s\"}]},{\"@type\":\"WebSite\",\"@id\":\"https:\/\/greenwoodsiofok.hu\/en\/#website\",\"url\":\"https:\/\/greenwoodsiofok.hu\/en\/\",\"name\":\"Greenwood Si\u00f3fok\",\"description\":\"Csendes, kis\u00e1llatbar\u00e1t vend\u00e9gh\u00e1z Si\u00f3fokon p\u00e1roknak \u00e9s csal\u00e1doknak, 250 m\u00e9terre a Balatont\u00f3l.\",\"publisher\":{\"@id\":\"https:\/\/greenwoodsiofok.hu\/en\/#organization\"},\"potentialAction\":[{\"@type\":\"SearchAction\",\"target\":{\"@type\":\"EntryPoint\",\"urlTemplate\":\"https:\/\/greenwoodsiofok.hu\/en\/?s={search_term_string}\"},\"query-input\":{\"@type\":\"PropertyValueSpecification\",\"valueRequired\":true,\"valueName\":\"search_term_string\"}}],\"inLanguage\":\"de\"},{\"@type\":\"Organization\",\"@id\":\"https:\/\/greenwoodsiofok.hu\/en\/#organization\",\"name\":\"Greenwood Si\u00f3fok vend\u00e9gh\u00e1z\",\"url\":\"https:\/\/greenwoodsiofok.hu\/en\/\",\"logo\":{\"@type\":\"ImageObject\",\"inLanguage\":\"de\",\"@id\":\"https:\/\/greenwoodsiofok.hu\/en\/#\/schema\/logo\/image\/\",\"url\":\"https:\/\/greenwoodsiofok.hu\/wp-content\/uploads\/2025\/03\/GreenWoodSiofokLogoMain-1.png\",\"contentUrl\":\"https:\/\/greenwoodsiofok.hu\/wp-content\/uploads\/2025\/03\/GreenWoodSiofokLogoMain-1.png\",\"width\":250,\"height\":125,\"caption\":\"Greenwood Si\u00f3fok vend\u00e9gh\u00e1z\"},\"image\":{\"@id\":\"https:\/\/greenwoodsiofok.hu\/en\/#\/schema\/logo\/image\/\"},\"sameAs\":[\"https:\/\/www.facebook.com\/greenwoodsiofok\"]}]}<\/script>\n<!-- \/ Yoast SEO Premium plugin. -->","yoast_head_json":{"title":"Foglal\u00e1s - Greenwood Si\u00f3fok","description":"Foglalj sz\u00e1ll\u00e1st Si\u00f3fokon k\u00e9nyelmesen, p\u00e1r kattint\u00e1ssal! Csendes, kis\u00e1llatbar\u00e1t vend\u00e9gh\u00e1z p\u00e1roknak \u00e9s csal\u00e1doknak, ingyenes parkol\u00e1ssal, a Balaton k\u00f6zel\u00e9ben.","robots":{"index":"index","follow":"follow","max-snippet":"max-snippet:-1","max-image-preview":"max-image-preview:large","max-video-preview":"max-video-preview:-1"},"canonical":"https:\/\/greenwoodsiofok.hu\/de\/foglalas\/","og_locale":"de_DE","og_type":"article","og_title":"Foglal\u00e1s","og_description":"Foglalj sz\u00e1ll\u00e1st Si\u00f3fokon k\u00e9nyelmesen, p\u00e1r kattint\u00e1ssal! Csendes, kis\u00e1llatbar\u00e1t vend\u00e9gh\u00e1z p\u00e1roknak \u00e9s csal\u00e1doknak, ingyenes parkol\u00e1ssal, a Balaton k\u00f6zel\u00e9ben.","og_url":"https:\/\/greenwoodsiofok.hu\/de\/foglalas\/","og_site_name":"Greenwood Si\u00f3fok","article_publisher":"https:\/\/www.facebook.com\/greenwoodsiofok","article_modified_time":"2025-03-22T23:16:44+00:00","og_image":[{"width":1400,"height":1050,"url":"https:\/\/greenwoodsiofok.hu\/wp-content\/uploads\/2025\/03\/GreenWoodSiofokFront.jpeg","type":"image\/jpeg"}],"twitter_card":"summary_large_image","twitter_misc":{"Gesch\u00e4tzte Lesezeit":"1\u00a0Minute"},"schema":{"@context":"https:\/\/schema.org","@graph":[{"@type":"WebPage","@id":"https:\/\/greenwoodsiofok.hu\/en\/foglalas\/","url":"https:\/\/greenwoodsiofok.hu\/en\/foglalas\/","name":"Foglal\u00e1s - Greenwood Si\u00f3fok","isPartOf":{"@id":"https:\/\/greenwoodsiofok.hu\/en\/#website"},"datePublished":"2025-03-04T12:48:54+00:00","dateModified":"2025-03-22T23:16:44+00:00","description":"Foglalj sz\u00e1ll\u00e1st Si\u00f3fokon k\u00e9nyelmesen, p\u00e1r kattint\u00e1ssal! Csendes, kis\u00e1llatbar\u00e1t vend\u00e9gh\u00e1z p\u00e1roknak \u00e9s csal\u00e1doknak, ingyenes parkol\u00e1ssal, a Balaton k\u00f6zel\u00e9ben.","breadcrumb":{"@id":"https:\/\/greenwoodsiofok.hu\/en\/foglalas\/#breadcrumb"},"inLanguage":"de","potentialAction":[{"@type":"ReadAction","target":["https:\/\/greenwoodsiofok.hu\/en\/foglalas\/"]}]},{"@type":"BreadcrumbList","@id":"https:\/\/greenwoodsiofok.hu\/en\/foglalas\/#breadcrumb","itemListElement":[{"@type":"ListItem","position":1,"name":"Kezd\u0151lap","item":"https:\/\/greenwoodsiofok.hu\/"},{"@type":"ListItem","position":2,"name":"Foglal\u00e1s"}]},{"@type":"WebSite","@id":"https:\/\/greenwoodsiofok.hu\/en\/#website","url":"https:\/\/greenwoodsiofok.hu\/en\/","name":"Greenwood Si\u00f3fok","description":"Csendes, kis\u00e1llatbar\u00e1t vend\u00e9gh\u00e1z Si\u00f3fokon p\u00e1roknak \u00e9s csal\u00e1doknak, 250 m\u00e9terre a Balatont\u00f3l.","publisher":{"@id":"https:\/\/greenwoodsiofok.hu\/en\/#organization"},"potentialAction":[{"@type":"SearchAction","target":{"@type":"EntryPoint","urlTemplate":"https:\/\/greenwoodsiofok.hu\/en\/?s={search_term_string}"},"query-input":{"@type":"PropertyValueSpecification","valueRequired":true,"valueName":"search_term_string"}}],"inLanguage":"de"},{"@type":"Organization","@id":"https:\/\/greenwoodsiofok.hu\/en\/#organization","name":"Greenwood Si\u00f3fok vend\u00e9gh\u00e1z","url":"https:\/\/greenwoodsiofok.hu\/en\/","logo":{"@type":"ImageObject","inLanguage":"de","@id":"https:\/\/greenwoodsiofok.hu\/en\/#\/schema\/logo\/image\/","url":"https:\/\/greenwoodsiofok.hu\/wp-content\/uploads\/2025\/03\/GreenWoodSiofokLogoMain-1.png","contentUrl":"https:\/\/greenwoodsiofok.hu\/wp-content\/uploads\/2025\/03\/GreenWoodSiofokLogoMain-1.png","width":250,"height":125,"caption":"Greenwood Si\u00f3fok vend\u00e9gh\u00e1z"},"image":{"@id":"https:\/\/greenwoodsiofok.hu\/en\/#\/schema\/logo\/image\/"},"sameAs":["https:\/\/www.facebook.com\/greenwoodsiofok"]}]}},"_links":{"self":[{"href":"https:\/\/greenwoodsiofok.hu\/de\/wp-json\/wp\/v2\/pages\/36"}],"collection":[{"href":"https:\/\/greenwoodsiofok.hu\/de\/wp-json\/wp\/v2\/pages"}],"about":[{"href":"https:\/\/greenwoodsiofok.hu\/de\/wp-json\/wp\/v2\/types\/page"}],"author":[{"embeddable":true,"href":"https:\/\/greenwoodsiofok.hu\/de\/wp-json\/wp\/v2\/users\/1"}],"replies":[{"embeddable":true,"href":"https:\/\/greenwoodsiofok.hu\/de\/wp-json\/wp\/v2\/comments?post=36"}],"version-history":[{"count":131,"href":"https:\/\/greenwoodsiofok.hu\/de\/wp-json\/wp\/v2\/pages\/36\/revisions"}],"predecessor-version":[{"id":897,"href":"https:\/\/greenwoodsiofok.hu\/de\/wp-json\/wp\/v2\/pages\/36\/revisions\/897"}],"wp:attachment":[{"href":"https:\/\/greenwoodsiofok.hu\/de\/wp-json\/wp\/v2\/media?parent=36"}],"curies":[{"name":"wp","href":"https:\/\/api.w.org\/{rel}","templated":true}]}}